{"id":80,"date":"2023-06-08T21:48:57","date_gmt":"2023-06-08T21:48:57","guid":{"rendered":"https:\/\/stamms.biz\/test-olli.stamms.biz\/wordpress\/?page_id=80"},"modified":"2023-07-02T19:42:55","modified_gmt":"2023-07-02T19:42:55","slug":"impressum","status":"publish","type":"page","link":"https:\/\/www.oliverblankenburg.de\/index.php\/impressum\/","title":{"rendered":"Impressum"},"content":{"rendered":"\t\t<div data-elementor-type=\"wp-page\" data-elementor-id=\"80\" class=\"elementor elementor-80\">\n\t\t\t\t\t\t<section class=\"elementor-section elementor-top-section elementor-element elementor-element-577e96dc elementor-section-boxed elementor-section-height-default elementor-section-height-default\" data-id=\"577e96dc\" data-element_type=\"section\" data-e-type=\"section\">\n\t\t\t\t\t\t<div class=\"elementor-container elementor-column-gap-default\">\n\t\t\t\t\t<div class=\"elementor-column elementor-col-100 elementor-top-column elementor-element elementor-element-6570fd38\" data-id=\"6570fd38\" data-element_type=\"column\" data-e-type=\"column\">\n\t\t\t<div class=\"elementor-widget-wrap elementor-element-populated\">\n\t\t\t\t\t\t<div class=\"elementor-element elementor-element-5540688 elementor-widget elementor-widget-spacer\" data-id=\"5540688\" data-element_type=\"widget\" data-e-type=\"widget\" data-widget_type=\"spacer.default\">\n\t\t\t\t<div class=\"elementor-widget-container\">\n\t\t\t\t\t\t\t<div class=\"elementor-spacer\">\n\t\t\t<div class=\"elementor-spacer-inner\"><\/div>\n\t\t<\/div>\n\t\t\t\t\t\t<\/div>\n\t\t\t\t<\/div>\n\t\t\t\t<div class=\"elementor-element elementor-element-09021c8 elementor-widget elementor-widget-text-editor\" data-id=\"09021c8\" data-element_type=\"widget\" data-e-type=\"widget\" data-widget_type=\"text-editor.default\">\n\t\t\t\t<div class=\"elementor-widget-container\">\n\t\t\t\t\t\t\t\t\t<p><b>Angaben gem\u00e4\u00df \u00a7 5 TMG:<\/b><\/p>\n<p>Artist: Oliver Blankenburg<\/p>\n<p>Adresse: Nassauische Str.6 | 10717 Berlin<br \/><span style=\"color: var( --e-global-color-text ); font-family: var( --e-global-typography-text-font-family ), Sans-serif; font-weight: var( --e-global-typography-text-font-weight ); font-size: 1.0625rem;\">Kontakt:\u00a0| E-Mail:\u00a0oliverblankenburg@web.de<\/span><\/p>\n<p>Verantwortlich f\u00fcr den Inhalt nach \u00a7 55 Abs. 2 RStV:<br \/><span style=\"color: var( --e-global-color-text ); font-family: var( --e-global-typography-text-font-family ), Sans-serif; font-weight: var( --e-global-typography-text-font-weight ); font-size: 1.0625rem;\">Oliver Blankenburg | Nassauische Stra\u00dfe 6 | 10717 Berlin<\/span><\/p>\n<p><b>Haftungsausschluss<\/b><\/p>\n<p>Eine Haftung f\u00fcr die Aktualit\u00e4t, Korrektheit, Vollst\u00e4ndigkeit oder Qualit\u00e4t der Inhalte und Links kann nicht \u00fcbernommen werden.<br \/><span style=\"color: var( --e-global-color-text ); font-family: var( --e-global-typography-text-font-family ), Sans-serif; font-weight: var( --e-global-typography-text-font-weight ); font-size: 1.0625rem;\">oliverblankenburg.de ist nicht verantwortlich f\u00fcr die Inhalte externer Internetseiten.<\/span><\/p>\n<p><b>Urheberrecht<\/b><\/p>\n<p>Text und Bildmaterial auf diesen Seiten unterliegen dem deutschen\u00a0Urheberrecht.<br \/><span style=\"color: var( --e-global-color-text ); font-family: var( --e-global-typography-text-font-family ), Sans-serif; font-weight: var( --e-global-typography-text-font-weight ); font-size: 1.0625rem;\">Jede Art von Verwertung muss schriftlich genehmigt werden.<\/span><\/p>\t\t\t\t\t\t\t\t<\/div>\n\t\t\t\t<\/div>\n\t\t\t\t<div class=\"elementor-element elementor-element-34a1ebd elementor-widget elementor-widget-spacer\" data-id=\"34a1ebd\" data-element_type=\"widget\" data-e-type=\"widget\" data-widget_type=\"spacer.default\">\n\t\t\t\t<div class=\"elementor-widget-container\">\n\t\t\t\t\t\t\t<div class=\"elementor-spacer\">\n\t\t\t<div class=\"elementor-spacer-inner\"><\/div>\n\t\t<\/div>\n\t\t\t\t\t\t<\/div>\n\t\t\t\t<\/div>\n\t\t\t\t<div class=\"elementor-element elementor-element-bcb2d84 elementor-widget elementor-widget-image\" data-id=\"bcb2d84\" data-element_type=\"widget\" data-e-type=\"widget\" data-widget_type=\"image.default\">\n\t\t\t\t<div class=\"elementor-widget-container\">\n\t\t\t\t\t\t\t\t\t\t\t\t\t\t\t<img decoding=\"async\" src=\"https:\/\/www.oliverblankenburg.de\/wp-content\/uploads\/elementor\/thumbs\/cropped-image-Kopie-1-q7qiqk15lr1a63nok7nubey50v5gi9ba9fe2o3nw14.png\" title=\"cropped-image-Kopie-1.png\" alt=\"cropped-image-Kopie-1.png\" loading=\"lazy\" \/>\t\t\t\t\t\t\t\t\t\t\t\t\t\t\t<\/div>\n\t\t\t\t<\/div>\n\t\t\t\t\t<\/div>\n\t\t<\/div>\n\t\t\t\t\t<\/div>\n\t\t<\/section>\n\t\t\t\t<\/div>\n\t\t","protected":false},"excerpt":{"rendered":"<p>Angaben gem\u00e4\u00df \u00a7 5 TMG: Artist: Oliver Blankenburg Adresse: Nassauische Str.6 | 10717 Berlin Kontakt:&nbsp;| E-Mail:&nbsp;oliverblankenburg@web.de Verantwortlich f\u00fcr den Inhalt nach \u00a7 55 Abs. 2 RStV: Oliver Blankenburg | Nassauische Stra\u00dfe 6 | 10717 Berlin Haftungsausschluss Eine Haftung f\u00fcr die Aktualit\u00e4t, Korrektheit, Vollst\u00e4ndigkeit oder Qualit\u00e4t &hellip; <a href=\"https:\/\/www.oliverblankenburg.de\/index.php\/impressum\/\" class=\"more-link\"><span>Continue reading<span class=\"screen-reader-text\">Impressum<\/span><\/span><\/a><\/p>\n","protected":false},"author":1,"featured_media":0,"parent":0,"menu_order":0,"comment_status":"closed","ping_status":"closed","template":"","meta":{"footnotes":""},"class_list":["post-80","page","type-page","status-publish","hentry"],"yoast_head":"<!-- This site is optimized with the Yoast SEO plugin v27.3 - https:\/\/yoast.com\/product\/yoast-seo-wordpress\/ -->\n<title>Impressum - Oliver Blankenburg<\/title>\n<meta name=\"description\" content=\"Oliver Blankenburg Design, Impressum\" \/>\n<meta name=\"robots\" content=\"index, follow, max-snippet:-1, max-image-preview:large, max-video-preview:-1\" \/>\n<link rel=\"canonical\" href=\"https:\/\/www.oliverblankenburg.de\/index.php\/impressum\/\" \/>\n<meta property=\"og:locale\" content=\"de_DE\" \/>\n<meta property=\"og:type\" content=\"article\" \/>\n<meta property=\"og:title\" content=\"Impressum - Oliver Blankenburg\" \/>\n<meta property=\"og:description\" content=\"Oliver Blankenburg Design, Impressum\" \/>\n<meta property=\"og:url\" content=\"https:\/\/www.oliverblankenburg.de\/index.php\/impressum\/\" \/>\n<meta property=\"og:site_name\" content=\"Oliver Blankenburg\" \/>\n<meta property=\"article:modified_time\" content=\"2023-07-02T19:42:55+00:00\" \/>\n<meta property=\"og:image\" content=\"https:\/\/oliverblankenburg.de\/wp-content\/uploads\/elementor\/thumbs\/cropped-image-Kopie-1-q7qiqk15lr1a63nok7nubey50v5gi9ba9fe2o3nw14.png\" \/>\n<meta name=\"twitter:card\" content=\"summary_large_image\" \/>\n<meta name=\"twitter:label1\" content=\"Gesch\u00e4tzte Lesezeit\" \/>\n\t<meta name=\"twitter:data1\" content=\"1\u00a0Minute\" \/>\n<script type=\"application\/ld+json\" class=\"yoast-schema-graph\">{\"@context\":\"https:\\\/\\\/schema.org\",\"@graph\":[{\"@type\":\"WebPage\",\"@id\":\"https:\\\/\\\/www.oliverblankenburg.de\\\/index.php\\\/impressum\\\/\",\"url\":\"https:\\\/\\\/www.oliverblankenburg.de\\\/index.php\\\/impressum\\\/\",\"name\":\"Impressum - Oliver Blankenburg\",\"isPartOf\":{\"@id\":\"https:\\\/\\\/www.oliverblankenburg.de\\\/#website\"},\"primaryImageOfPage\":{\"@id\":\"https:\\\/\\\/www.oliverblankenburg.de\\\/index.php\\\/impressum\\\/#primaryimage\"},\"image\":{\"@id\":\"https:\\\/\\\/www.oliverblankenburg.de\\\/index.php\\\/impressum\\\/#primaryimage\"},\"thumbnailUrl\":\"https:\\\/\\\/oliverblankenburg.de\\\/wp-content\\\/uploads\\\/elementor\\\/thumbs\\\/cropped-image-Kopie-1-q7qiqk15lr1a63nok7nubey50v5gi9ba9fe2o3nw14.png\",\"datePublished\":\"2023-06-08T21:48:57+00:00\",\"dateModified\":\"2023-07-02T19:42:55+00:00\",\"description\":\"Oliver Blankenburg Design, Impressum\",\"breadcrumb\":{\"@id\":\"https:\\\/\\\/www.oliverblankenburg.de\\\/index.php\\\/impressum\\\/#breadcrumb\"},\"inLanguage\":\"de\",\"potentialAction\":[{\"@type\":\"ReadAction\",\"target\":[\"https:\\\/\\\/www.oliverblankenburg.de\\\/index.php\\\/impressum\\\/\"]}]},{\"@type\":\"ImageObject\",\"inLanguage\":\"de\",\"@id\":\"https:\\\/\\\/www.oliverblankenburg.de\\\/index.php\\\/impressum\\\/#primaryimage\",\"url\":\"https:\\\/\\\/oliverblankenburg.de\\\/wp-content\\\/uploads\\\/elementor\\\/thumbs\\\/cropped-image-Kopie-1-q7qiqk15lr1a63nok7nubey50v5gi9ba9fe2o3nw14.png\",\"contentUrl\":\"https:\\\/\\\/oliverblankenburg.de\\\/wp-content\\\/uploads\\\/elementor\\\/thumbs\\\/cropped-image-Kopie-1-q7qiqk15lr1a63nok7nubey50v5gi9ba9fe2o3nw14.png\"},{\"@type\":\"BreadcrumbList\",\"@id\":\"https:\\\/\\\/www.oliverblankenburg.de\\\/index.php\\\/impressum\\\/#breadcrumb\",\"itemListElement\":[{\"@type\":\"ListItem\",\"position\":1,\"name\":\"Startseite\",\"item\":\"https:\\\/\\\/www.oliverblankenburg.de\\\/\"},{\"@type\":\"ListItem\",\"position\":2,\"name\":\"Impressum\"}]},{\"@type\":\"WebSite\",\"@id\":\"https:\\\/\\\/www.oliverblankenburg.de\\\/#website\",\"url\":\"https:\\\/\\\/www.oliverblankenburg.de\\\/\",\"name\":\"Oliver Blankenburg\",\"description\":\"2D &amp; 3D GRAFIKDESIGN  VIDEOART  MUSIC\",\"publisher\":{\"@id\":\"https:\\\/\\\/www.oliverblankenburg.de\\\/#organization\"},\"potentialAction\":[{\"@type\":\"SearchAction\",\"target\":{\"@type\":\"EntryPoint\",\"urlTemplate\":\"https:\\\/\\\/www.oliverblankenburg.de\\\/?s={search_term_string}\"},\"query-input\":{\"@type\":\"PropertyValueSpecification\",\"valueRequired\":true,\"valueName\":\"search_term_string\"}}],\"inLanguage\":\"de\"},{\"@type\":\"Organization\",\"@id\":\"https:\\\/\\\/www.oliverblankenburg.de\\\/#organization\",\"name\":\"Oliver Blankenburg\",\"url\":\"https:\\\/\\\/www.oliverblankenburg.de\\\/\",\"logo\":{\"@type\":\"ImageObject\",\"inLanguage\":\"de\",\"@id\":\"https:\\\/\\\/www.oliverblankenburg.de\\\/#\\\/schema\\\/logo\\\/image\\\/\",\"url\":\"https:\\\/\\\/www.oliverblankenburg.de\\\/wp-content\\\/uploads\\\/2023\\\/06\\\/cropped-cropped-cropped-image-1-1.png\",\"contentUrl\":\"https:\\\/\\\/www.oliverblankenburg.de\\\/wp-content\\\/uploads\\\/2023\\\/06\\\/cropped-cropped-cropped-image-1-1.png\",\"width\":185,\"height\":185,\"caption\":\"Oliver Blankenburg\"},\"image\":{\"@id\":\"https:\\\/\\\/www.oliverblankenburg.de\\\/#\\\/schema\\\/logo\\\/image\\\/\"}}]}<\/script>\n<!-- \/ Yoast SEO plugin. -->","yoast_head_json":{"title":"Impressum - Oliver Blankenburg","description":"Oliver Blankenburg Design, Impressum","robots":{"index":"index","follow":"follow","max-snippet":"max-snippet:-1","max-image-preview":"max-image-preview:large","max-video-preview":"max-video-preview:-1"},"canonical":"https:\/\/www.oliverblankenburg.de\/index.php\/impressum\/","og_locale":"de_DE","og_type":"article","og_title":"Impressum - Oliver Blankenburg","og_description":"Oliver Blankenburg Design, Impressum","og_url":"https:\/\/www.oliverblankenburg.de\/index.php\/impressum\/","og_site_name":"Oliver Blankenburg","article_modified_time":"2023-07-02T19:42:55+00:00","og_image":[{"url":"https:\/\/oliverblankenburg.de\/wp-content\/uploads\/elementor\/thumbs\/cropped-image-Kopie-1-q7qiqk15lr1a63nok7nubey50v5gi9ba9fe2o3nw14.png","type":"","width":"","height":""}],"twitter_card":"summary_large_image","twitter_misc":{"Gesch\u00e4tzte Lesezeit":"1\u00a0Minute"},"schema":{"@context":"https:\/\/schema.org","@graph":[{"@type":"WebPage","@id":"https:\/\/www.oliverblankenburg.de\/index.php\/impressum\/","url":"https:\/\/www.oliverblankenburg.de\/index.php\/impressum\/","name":"Impressum - Oliver Blankenburg","isPartOf":{"@id":"https:\/\/www.oliverblankenburg.de\/#website"},"primaryImageOfPage":{"@id":"https:\/\/www.oliverblankenburg.de\/index.php\/impressum\/#primaryimage"},"image":{"@id":"https:\/\/www.oliverblankenburg.de\/index.php\/impressum\/#primaryimage"},"thumbnailUrl":"https:\/\/oliverblankenburg.de\/wp-content\/uploads\/elementor\/thumbs\/cropped-image-Kopie-1-q7qiqk15lr1a63nok7nubey50v5gi9ba9fe2o3nw14.png","datePublished":"2023-06-08T21:48:57+00:00","dateModified":"2023-07-02T19:42:55+00:00","description":"Oliver Blankenburg Design, Impressum","breadcrumb":{"@id":"https:\/\/www.oliverblankenburg.de\/index.php\/impressum\/#breadcrumb"},"inLanguage":"de","potentialAction":[{"@type":"ReadAction","target":["https:\/\/www.oliverblankenburg.de\/index.php\/impressum\/"]}]},{"@type":"ImageObject","inLanguage":"de","@id":"https:\/\/www.oliverblankenburg.de\/index.php\/impressum\/#primaryimage","url":"https:\/\/oliverblankenburg.de\/wp-content\/uploads\/elementor\/thumbs\/cropped-image-Kopie-1-q7qiqk15lr1a63nok7nubey50v5gi9ba9fe2o3nw14.png","contentUrl":"https:\/\/oliverblankenburg.de\/wp-content\/uploads\/elementor\/thumbs\/cropped-image-Kopie-1-q7qiqk15lr1a63nok7nubey50v5gi9ba9fe2o3nw14.png"},{"@type":"BreadcrumbList","@id":"https:\/\/www.oliverblankenburg.de\/index.php\/impressum\/#breadcrumb","itemListElement":[{"@type":"ListItem","position":1,"name":"Startseite","item":"https:\/\/www.oliverblankenburg.de\/"},{"@type":"ListItem","position":2,"name":"Impressum"}]},{"@type":"WebSite","@id":"https:\/\/www.oliverblankenburg.de\/#website","url":"https:\/\/www.oliverblankenburg.de\/","name":"Oliver Blankenburg","description":"2D &amp; 3D GRAFIKDESIGN  VIDEOART  MUSIC","publisher":{"@id":"https:\/\/www.oliverblankenburg.de\/#organization"},"potentialAction":[{"@type":"SearchAction","target":{"@type":"EntryPoint","urlTemplate":"https:\/\/www.oliverblankenburg.de\/?s={search_term_string}"},"query-input":{"@type":"PropertyValueSpecification","valueRequired":true,"valueName":"search_term_string"}}],"inLanguage":"de"},{"@type":"Organization","@id":"https:\/\/www.oliverblankenburg.de\/#organization","name":"Oliver Blankenburg","url":"https:\/\/www.oliverblankenburg.de\/","logo":{"@type":"ImageObject","inLanguage":"de","@id":"https:\/\/www.oliverblankenburg.de\/#\/schema\/logo\/image\/","url":"https:\/\/www.oliverblankenburg.de\/wp-content\/uploads\/2023\/06\/cropped-cropped-cropped-image-1-1.png","contentUrl":"https:\/\/www.oliverblankenburg.de\/wp-content\/uploads\/2023\/06\/cropped-cropped-cropped-image-1-1.png","width":185,"height":185,"caption":"Oliver Blankenburg"},"image":{"@id":"https:\/\/www.oliverblankenburg.de\/#\/schema\/logo\/image\/"}}]}},"_links":{"self":[{"href":"https:\/\/www.oliverblankenburg.de\/index.php\/wp-json\/wp\/v2\/pages\/80","targetHints":{"allow":["GET"]}}],"collection":[{"href":"https:\/\/www.oliverblankenburg.de\/index.php\/wp-json\/wp\/v2\/pages"}],"about":[{"href":"https:\/\/www.oliverblankenburg.de\/index.php\/wp-json\/wp\/v2\/types\/page"}],"author":[{"embeddable":true,"href":"https:\/\/www.oliverblankenburg.de\/index.php\/wp-json\/wp\/v2\/users\/1"}],"replies":[{"embeddable":true,"href":"https:\/\/www.oliverblankenburg.de\/index.php\/wp-json\/wp\/v2\/comments?post=80"}],"version-history":[{"count":14,"href":"https:\/\/www.oliverblankenburg.de\/index.php\/wp-json\/wp\/v2\/pages\/80\/revisions"}],"predecessor-version":[{"id":437,"href":"https:\/\/www.oliverblankenburg.de\/index.php\/wp-json\/wp\/v2\/pages\/80\/revisions\/437"}],"wp:attachment":[{"href":"https:\/\/www.oliverblankenburg.de\/index.php\/wp-json\/wp\/v2\/media?parent=80"}],"curies":[{"name":"wp","href":"https:\/\/api.w.org\/{rel}","templated":true}]}}